{"id":249,"date":"2024-10-08T00:10:12","date_gmt":"2024-10-08T05:10:12","guid":{"rendered":"https:\/\/www.cmpardo.edu.pe\/web\/?page_id=249"},"modified":"2024-10-19T10:15:45","modified_gmt":"2024-10-19T15:15:45","slug":"contactanos","status":"publish","type":"page","link":"https:\/\/www.cmpardo.com\/web\/contactanos\/","title":{"rendered":"Cont\u00e1ctanos"},"content":{"rendered":"\n<div class=\"wp-block-columns alignwide is-layout-flex wp-container-core-columns-is-layout-829b1d53 wp-block-columns-is-layout-flex\" style=\"margin-bottom:0\">\n<div class=\"wp-block-column has-text-color has-background has-link-color wp-elements-1a425ac95e6a308bdb15fb035d4e18c2 is-layout-flow wp-block-column-is-layout-flow\" style=\"color:#000000;background-color:#ffe97d;padding-top:2em;padding-right:2em;padding-bottom:2em;padding-left:2em\">\n<h2 class=\"wp-block-heading\" id=\"single\" style=\"font-size:40px\"><strong>Redes Sociales<\/strong><\/h2>\n\n\n\n<hr class=\"wp-block-separator has-text-color has-css-opacity has-background is-style-wide\" style=\"background-color:#000000;color:#000000\"\/>\n\n\n\n<div class=\"wp-block-buttons alignfull is-horizontal is-content-justification-center is-layout-flex wp-container-core-buttons-is-layout-499968f5 wp-block-buttons-is-layout-flex\">\n<div class=\"wp-block-button has-custom-width wp-block-button__width-100 is-style-outline is-style-outline--1\"><a class=\"wp-block-button__link has-white-color has-text-color has-background no-border-radius wp-element-button\" href=\"https:\/\/www.facebook.com\/colegiopardo\/\" style=\"background-color:#0d6e9b\" target=\"_blank\" rel=\"noreferrer noopener\">FACEBOOK<\/a><\/div>\n\n\n\n<div class=\"wp-block-button has-custom-width wp-block-button__width-100 is-style-outline is-style-outline--2\"><a class=\"wp-block-button__link has-white-color has-cool-to-warm-spectrum-gradient-background has-text-color has-background no-border-radius wp-element-button\" href=\"https:\/\/www.instagram.com\/colegiopardo\/\" target=\"_blank\" rel=\"noreferrer noopener\">INSTAGRAM<\/a><\/div>\n\n\n\n<div class=\"wp-block-button has-custom-width wp-block-button__width-100 is-style-outline is-style-outline--3\"><a class=\"wp-block-button__link has-white-color has-blush-bordeaux-gradient-background has-text-color has-background no-border-radius wp-element-button\" href=\"https:\/\/www.youtube.com\/@ColegioManuelPardoChiclayo\" target=\"_blank\" rel=\"noreferrer noopener\">YOUTUBE<\/a><\/div>\n<\/div>\n<\/div>\n\n\n\n<div class=\"wp-block-column has-text-color has-background has-link-color wp-elements-1454f1023590299692cca9b1d5ff0890 is-layout-flow wp-block-column-is-layout-flow\" style=\"color:#000000;background-color:#d1d1e1;padding-top:2em;padding-right:2em;padding-bottom:2em;padding-left:2em\">\n<h2 class=\"wp-block-heading\" id=\"family\" style=\"font-size:30px\"><strong>Contacto<\/strong><\/h2>\n\n\n\n<hr class=\"wp-block-separator has-css-opacity is-style-wide\"\/>\n\n\n\n<ul class=\"wp-block-list has-normal-font-size\">\n<li><strong>N\u00fameros contacto<\/strong><br>(074) 231631<br>(074) 236104<\/li>\n\n\n\n<li><strong>Correo Electr\u00f3nico<\/strong><br>webmaster@cmpardo.edu.pe<\/li>\n\n\n\n<li>Direcci\u00f3n Av. Luis Gonzales 1415<\/li>\n<\/ul>\n\n\n\n<div class=\"wp-block-buttons alignfull is-horizontal is-content-justification-center is-layout-flex wp-container-core-buttons-is-layout-499968f5 wp-block-buttons-is-layout-flex\"><\/div>\n<\/div>\n\n\n\n<div class=\"wp-block-column has-text-color has-background has-link-color wp-elements-5876bdb2ed3b9d7fc5915ee649e5e0fe is-layout-flow wp-block-column-is-layout-flow\" style=\"color:#000000;background-color:#c0ebf1;padding-top:2em;padding-right:2em;padding-bottom:2em;padding-left:2em\">\n<h2 class=\"wp-block-heading\" id=\"patron\" style=\"font-size:30px\"><strong>Horario de atenci\u00f3n<\/strong><\/h2>\n\n\n\n<hr class=\"wp-block-separator has-css-opacity is-style-wide\"\/>\n\n\n\n<ul class=\"wp-block-list has-normal-font-size\">\n<li>De Lunes a Viernes de 08:00 a 13:00 hrs<\/li>\n<\/ul>\n\n\n\n<div class=\"wp-block-buttons alignfull is-horizontal is-content-justification-center is-layout-flex wp-container-core-buttons-is-layout-499968f5 wp-block-buttons-is-layout-flex\"><\/div>\n<\/div>\n<\/div>\n\n\n\n<div style=\"height:25px\" aria-hidden=\"true\" class=\"wp-block-spacer\"><\/div>\n\n\n\n<p class=\"has-white-color has-text-color has-background has-link-color wp-elements-3f30205f55be1e8a73aad0c14e25f2b6\" style=\"background:linear-gradient(131deg,rgb(122,220,180) 0%,rgb(0,208,130) 100%);font-size:18px\"><strong>Libro de Reclamaciones<\/strong><br>Nuestra instituci\u00f3n pone a su disposici\u00f3n el libro de reclamaciones en f\u00edsico, para lo cual puede acercarse a nuestras instalaciones.<\/p>\n\n\n\n<p class=\"has-white-color has-text-color has-background has-link-color wp-elements-69099d7c63468ee48933f52245e8ca97\" style=\"background:linear-gradient(37deg,rgba(252,185,0,1) 0%,rgba(255,105,0,1) 100%);font-size:18px\"><strong>Trabaja con Nosotros<\/strong><br>El colegio Manuel Pardo , te invita a formar parte de nuestra comunidad mnuelpardina , por lo cual te pedimos escribir al email <strong>convocatorialaboral@cmpardo.pe<\/strong>  y as\u00ed considerar tu postulaci\u00f3n seg\u00fan el perfil que estamos buscando.<\/p>\n\n\n\n<p class=\"has-white-color has-text-color has-background has-link-color wp-elements-855a7a2189eacb15a2de18d4ac68f54e\" style=\"background:linear-gradient(135deg,rgb(6,147,227) 0%,rgb(255,255,255) 58%,rgb(155,81,224) 100%);font-size:18px\"><strong>Whastapp Admisi\u00f3n<\/strong><br>979355432<\/p>\n\n\n\n<p><\/p>\n","protected":false},"excerpt":{"rendered":"<p>Redes Sociales Contacto Horario de atenci\u00f3n Libro de ReclamacionesNuestra instituci\u00f3n pone a su disposici\u00f3n el libro de reclamaciones en f\u00edsico, para lo cual puede acercarse a nuestras instalaciones. Trabaja con NosotrosEl colegio Manuel Pardo , te invita a formar parte de nuestra comunidad mnuelpardina , por lo cual te pedimos escribir al email convocatorialaboral@cmpardo.pe y [&hellip;]<\/p>\n","protected":false},"author":1,"featured_media":0,"parent":0,"menu_order":0,"comment_status":"closed","ping_status":"closed","template":"","meta":{"footnotes":""},"class_list":["post-249","page","type-page","status-publish","hentry"],"_links":{"self":[{"href":"https:\/\/www.cmpardo.com\/web\/wp-json\/wp\/v2\/pages\/249","targetHints":{"allow":["GET"]}}],"collection":[{"href":"https:\/\/www.cmpardo.com\/web\/wp-json\/wp\/v2\/pages"}],"about":[{"href":"https:\/\/www.cmpardo.com\/web\/wp-json\/wp\/v2\/types\/page"}],"author":[{"embeddable":true,"href":"https:\/\/www.cmpardo.com\/web\/wp-json\/wp\/v2\/users\/1"}],"replies":[{"embeddable":true,"href":"https:\/\/www.cmpardo.com\/web\/wp-json\/wp\/v2\/comments?post=249"}],"version-history":[{"count":16,"href":"https:\/\/www.cmpardo.com\/web\/wp-json\/wp\/v2\/pages\/249\/revisions"}],"predecessor-version":[{"id":292,"href":"https:\/\/www.cmpardo.com\/web\/wp-json\/wp\/v2\/pages\/249\/revisions\/292"}],"wp:attachment":[{"href":"https:\/\/www.cmpardo.com\/web\/wp-json\/wp\/v2\/media?parent=249"}],"curies":[{"name":"wp","href":"https:\/\/api.w.org\/{rel}","templated":true}]}}